{"id":2,"date":"2025-06-26T21:40:22","date_gmt":"2025-06-26T21:40:22","guid":{"rendered":"https:\/\/maestrosagaveros.com.mx\/?page_id=2"},"modified":"2025-09-17T16:12:32","modified_gmt":"2025-09-17T16:12:32","slug":"contacto","status":"publish","type":"page","link":"https:\/\/maestrosagaveros.com.mx\/en\/contacto\/","title":{"rendered":"Contacto"},"content":{"rendered":"<section class=\"wpb-content-wrapper\"><section data-vc-full-width=\"true\" data-vc-full-width-init=\"false\" class=\"vc_section vc_section_visible custom-responsive-23116143 vc_custom_1753204102443 vc_section-has-fill\" data-section-name=\"\"><div class=\"pix-divider pix-bottom-divider\" data-style=\"style-8\" style=\"bottom:-1px;\"><svg xmlns=\"http:\/\/www.w3.org\/2000\/svg\" width=\"100%\"  viewbox=\"0 0 1200 366\" preserveaspectratio=\"none\"><polygon fill=\"url(#divider-88088-bottom-overlay-layer-3)\" points=\"0 240 1200 0 1200 366 0 366\" \/><polygon fill=\"url(#divider-88088-bottom-overlay-layer-2)\" points=\"0 300 1200 60 1200 366 0 366\"  \/><polygon fill=\"url(#divider-88088-bottom-overlay-layer-1)\" points=\"0 360 1200 120 1200 366 0 366\"\/><defs><lineargradient id=\"divider-88088-bottom-overlay-layer-3\" x1=\"0%\" y1=\"0%\" x2=\"100%\" y2=\"0%\"><stop offset=\"0%\"   stop-color=\"#eaecf7\"\/><stop offset=\"100%\"   stop-color=\"#ffffff\"\/><\/lineargradient><lineargradient id=\"divider-88088-bottom-overlay-layer-2\" x1=\"0%\" y1=\"0%\" x2=\"100%\" y2=\"0%\"><stop offset=\"0%\"   stop-color=\"#f8f9fa\"\/><stop offset=\"100%\"   stop-color=\"#f8f9fa\"\/><\/lineargradient><lineargradient id=\"divider-88088-bottom-overlay-layer-1\" x1=\"0%\" y1=\"0%\" x2=\"100%\" y2=\"0%\"><stop offset=\"0%\"   stop-color=\"#e9ecef\"\/><stop offset=\"100%\"   stop-color=\"#ffffff\"\/><\/lineargradient><\/defs><\/svg><\/div><div id=\"customer_details\" class=\"vc_row wpb_row vc_row-fluid vc_row_visible customer_details vc_row-o-equal-height vc_row-flex\"><div class=\"wpb_column vc_column_container vc_col-sm-7 text-left\"><div class=\"vc_column-inner custom-responsive-173021474 vc_custom_1753204141584\"><div class=\"wpb_wrapper\"><div  class=\"pix-heading-el text-left  vc_custom_1752098782450\"><div><div class=\"slide-in-container\"><h2 class=\"text-primary font-weight-bold animate-in heading-text el-title_custom_color mb-12\" style=\"\" data-anim-type=\"slide-in-up\" data-anim-delay=\"0\">Cultivemos nuevas oportunidades<\/h2><\/div><\/div><\/div><div class=\"pix-el-text w-100\" ><p class=\"text-18  text-body-default\" ><span class=\"text-body-default animate-in d-inline-block\" data-anim-delay=\"400\" data-anim-type=\"fade-in-up\">Nuestro equipo est\u00e1 comprometido con brindar atenci\u00f3n personalizada, asesor\u00eda t\u00e9cnica y acompa\u00f1amiento en cada etapa del proceso.<\/span><\/p><\/div><div class=\"vc_row wpb_row vc_inner vc_row-fluid vc_custom_1588775874447\"><div class=\"wpb_column vc_column_container vc_col-sm-6 text-left\"><div class=\"vc_column-inner\"><div class=\"wpb_wrapper\"><div id=\"duo-icon-43337034\" class=\"slide-in-container w-100\" ><div class=\"py-2\"  ><div class=\"pix-feature-list text-18  font-weight-bold     py-2 d-flex align-items-center\" ><div class=\"pix-mr-10 text-secondary\" style=\"width:1.5em;min-width:1.5em;height:1.5em;min-width:1.5em;position:relative;line-height:1em;text-align:center;\"><svg width=\"100%\" height=\"100%\" viewbox=\"0 0 24 24\" version=\"1.1\" xmlns=\"http:\/\/www.w3.org\/2000\/svg\" xmlns:xlink=\"http:\/\/www.w3.org\/1999\/xlink\"> <defs><\/defs> <g stroke=\"none\" stroke-width=\"1\" fill=\"none\" fill-rule=\"evenodd\"> <path d=\"M12,11 C9.790861,11 8,9.209139 8,7 C8,4.790861 9.790861,3 12,3 C14.209139,3 16,4.790861 16,7 C16,9.209139 14.209139,11 12,11 Z\" fill=\"#000000\" fill-rule=\"nonzero\" opacity=\"0.3\"><\/path> <path d=\"M3.00065168,20.1992055 C3.38825852,15.4265159 7.26191235,13 11.9833413,13 C16.7712164,13 20.7048837,15.2931929 20.9979143,20.2 C21.0095879,20.3954741 20.9979143,21 20.2466999,21 C16.541124,21 11.0347247,21 3.72750223,21 C3.47671215,21 2.97953825,20.45918 3.00065168,20.1992055 Z\" fill=\"#000000\" fill-rule=\"nonzero\"><\/path> <\/g> <\/svg><\/div><span class=\"text-heading-default\">Armando Aceves<\/span><\/div><div class=\"pix-feature-list text-18  font-weight-bold     py-2 d-flex align-items-center\" ><a class=\"d-flex align-items-center\" href=\"tel:3411009019\" target=\"_blank\"><div class=\"pix-mr-10 text-secondary\" style=\"width:1.5em;min-width:1.5em;height:1.5em;min-width:1.5em;position:relative;line-height:1em;text-align:center;\"><svg width=\"100%\" height=\"100%\" viewbox=\"0 0 24 24\" version=\"1.1\" xmlns=\"http:\/\/www.w3.org\/2000\/svg\" xmlns:xlink=\"http:\/\/www.w3.org\/1999\/xlink\"> <defs><\/defs> <g stroke=\"none\" stroke-width=\"1\" fill=\"none\" fill-rule=\"evenodd\"> <path d=\"M13.0799676,14.7839934 L15.2839934,12.5799676 C15.8927139,11.9712471 16.0436229,11.0413042 15.6586342,10.2713269 L15.5337539,10.0215663 C15.1487653,9.25158901 15.2996742,8.3216461 15.9083948,7.71292558 L18.6411989,4.98012149 C18.836461,4.78485934 19.1530435,4.78485934 19.3483056,4.98012149 C19.3863063,5.01812215 19.4179321,5.06200062 19.4419658,5.11006808 L20.5459415,7.31801948 C21.3904962,9.0071287 21.0594452,11.0471565 19.7240871,12.3825146 L13.7252616,18.3813401 C12.2717221,19.8348796 10.1217008,20.3424308 8.17157288,19.6923882 L5.75709327,18.8875616 C5.49512161,18.8002377 5.35354162,18.5170777 5.4408655,18.2551061 C5.46541191,18.1814669 5.50676633,18.114554 5.56165376,18.0596666 L8.21292558,15.4083948 C8.8216461,14.7996742 9.75158901,14.6487653 10.5215663,15.0337539 L10.7713269,15.1586342 C11.5413042,15.5436229 12.4712471,15.3927139 13.0799676,14.7839934 Z\" fill=\"#000000\"><\/path> <path d=\"M14.1480759,6.00715131 L13.9566988,7.99797396 C12.4781389,7.8558405 11.0097207,8.36895892 9.93933983,9.43933983 C8.8724631,10.5062166 8.35911588,11.9685602 8.49664195,13.4426352 L6.50528978,13.6284215 C6.31304559,11.5678496 7.03283934,9.51741319 8.52512627,8.02512627 C10.0223249,6.52792766 12.0812426,5.80846733 14.1480759,6.00715131 Z M14.4980938,2.02230302 L14.313049,4.01372424 C11.6618299,3.76737046 9.03000738,4.69181803 7.1109127,6.6109127 C5.19447112,8.52735429 4.26985715,11.1545872 4.51274152,13.802405 L2.52110319,13.985098 C2.22450978,10.7517681 3.35562581,7.53777247 5.69669914,5.19669914 C8.04101739,2.85238089 11.2606138,1.72147333 14.4980938,2.02230302 Z\" fill=\"#000000\" fill-rule=\"nonzero\" opacity=\"0.3\"><\/path> <\/g> <\/svg>\n<\/div><span class=\"text-heading-default\">341 100 9019<\/span><\/a><\/div><div class=\"pix-feature-list text-18  font-weight-bold     py-2 d-flex align-items-center\" ><a class=\"d-flex align-items-center\" href=\"mailto:aaceves@alleeins.com.mx\" target=\"_blank\"><div class=\"pix-mr-10 text-secondary\" style=\"width:1.5em;min-width:1.5em;height:1.5em;min-width:1.5em;position:relative;line-height:1em;text-align:center;\"><svg width=\"100%\" height=\"100%\" viewbox=\"0 0 24 24\" version=\"1.1\" xmlns=\"http:\/\/www.w3.org\/2000\/svg\" xmlns:xlink=\"http:\/\/www.w3.org\/1999\/xlink\"> <defs><\/defs> <g stroke=\"none\" stroke-width=\"1\" fill=\"none\" fill-rule=\"evenodd\"> <path d=\"M5,6 L19,6 C20.1045695,6 21,6.8954305 21,8 L21,17 C21,18.1045695 20.1045695,19 19,19 L5,19 C3.8954305,19 3,18.1045695 3,17 L3,8 C3,6.8954305 3.8954305,6 5,6 Z M18.1444251,7.83964668 L12,11.1481833 L5.85557487,7.83964668 C5.4908718,7.6432681 5.03602525,7.77972206 4.83964668,8.14442513 C4.6432681,8.5091282 4.77972206,8.96397475 5.14442513,9.16035332 L11.6444251,12.6603533 C11.8664074,12.7798822 12.1335926,12.7798822 12.3555749,12.6603533 L18.8555749,9.16035332 C19.2202779,8.96397475 19.3567319,8.5091282 19.1603533,8.14442513 C18.9639747,7.77972206 18.5091282,7.6432681 18.1444251,7.83964668 Z\" fill=\"#000000\"><\/path> <\/g> <\/svg><\/div><span class=\"text-heading-default\">aaceves@alleeins.com.mx<\/span><\/a><\/div><\/div><\/div><\/div><\/div><\/div><div class=\"wpb_column vc_column_container vc_col-sm-6 text-left\"><div class=\"vc_column-inner\"><div class=\"wpb_wrapper\"><div id=\"duo-icon-199282422\" class=\"slide-in-container w-100\" ><div class=\"py-2\"  ><div class=\"pix-feature-list text-18  font-weight-bold     py-2 d-flex align-items-center\" ><div class=\"pix-mr-10 text-secondary\" style=\"width:1.5em;min-width:1.5em;height:1.5em;min-width:1.5em;position:relative;line-height:1em;text-align:center;\"><svg width=\"100%\" height=\"100%\" viewbox=\"0 0 24 24\" version=\"1.1\" xmlns=\"http:\/\/www.w3.org\/2000\/svg\" xmlns:xlink=\"http:\/\/www.w3.org\/1999\/xlink\"> <defs><\/defs> <g stroke=\"none\" stroke-width=\"1\" fill=\"none\" fill-rule=\"evenodd\"> <path d=\"M12,11 C9.790861,11 8,9.209139 8,7 C8,4.790861 9.790861,3 12,3 C14.209139,3 16,4.790861 16,7 C16,9.209139 14.209139,11 12,11 Z\" fill=\"#000000\" fill-rule=\"nonzero\" opacity=\"0.3\"><\/path> <path d=\"M3.00065168,20.1992055 C3.38825852,15.4265159 7.26191235,13 11.9833413,13 C16.7712164,13 20.7048837,15.2931929 20.9979143,20.2 C21.0095879,20.3954741 20.9979143,21 20.2466999,21 C16.541124,21 11.0347247,21 3.72750223,21 C3.47671215,21 2.97953825,20.45918 3.00065168,20.1992055 Z\" fill=\"#000000\" fill-rule=\"nonzero\"><\/path> <\/g> <\/svg><\/div><span class=\"text-heading-default\">Jorge Pineda<\/span><\/div><div class=\"pix-feature-list text-18  font-weight-bold     py-2 d-flex align-items-center\" ><a class=\"d-flex align-items-center\" href=\"tel:3312824998\" target=\"_blank\"><div class=\"pix-mr-10 text-secondary\" style=\"width:1.5em;min-width:1.5em;height:1.5em;min-width:1.5em;position:relative;line-height:1em;text-align:center;\"><svg width=\"100%\" height=\"100%\" viewbox=\"0 0 24 24\" version=\"1.1\" xmlns=\"http:\/\/www.w3.org\/2000\/svg\" xmlns:xlink=\"http:\/\/www.w3.org\/1999\/xlink\"> <defs><\/defs> <g stroke=\"none\" stroke-width=\"1\" fill=\"none\" fill-rule=\"evenodd\"> <path d=\"M13.0799676,14.7839934 L15.2839934,12.5799676 C15.8927139,11.9712471 16.0436229,11.0413042 15.6586342,10.2713269 L15.5337539,10.0215663 C15.1487653,9.25158901 15.2996742,8.3216461 15.9083948,7.71292558 L18.6411989,4.98012149 C18.836461,4.78485934 19.1530435,4.78485934 19.3483056,4.98012149 C19.3863063,5.01812215 19.4179321,5.06200062 19.4419658,5.11006808 L20.5459415,7.31801948 C21.3904962,9.0071287 21.0594452,11.0471565 19.7240871,12.3825146 L13.7252616,18.3813401 C12.2717221,19.8348796 10.1217008,20.3424308 8.17157288,19.6923882 L5.75709327,18.8875616 C5.49512161,18.8002377 5.35354162,18.5170777 5.4408655,18.2551061 C5.46541191,18.1814669 5.50676633,18.114554 5.56165376,18.0596666 L8.21292558,15.4083948 C8.8216461,14.7996742 9.75158901,14.6487653 10.5215663,15.0337539 L10.7713269,15.1586342 C11.5413042,15.5436229 12.4712471,15.3927139 13.0799676,14.7839934 Z\" fill=\"#000000\"><\/path> <path d=\"M14.1480759,6.00715131 L13.9566988,7.99797396 C12.4781389,7.8558405 11.0097207,8.36895892 9.93933983,9.43933983 C8.8724631,10.5062166 8.35911588,11.9685602 8.49664195,13.4426352 L6.50528978,13.6284215 C6.31304559,11.5678496 7.03283934,9.51741319 8.52512627,8.02512627 C10.0223249,6.52792766 12.0812426,5.80846733 14.1480759,6.00715131 Z M14.4980938,2.02230302 L14.313049,4.01372424 C11.6618299,3.76737046 9.03000738,4.69181803 7.1109127,6.6109127 C5.19447112,8.52735429 4.26985715,11.1545872 4.51274152,13.802405 L2.52110319,13.985098 C2.22450978,10.7517681 3.35562581,7.53777247 5.69669914,5.19669914 C8.04101739,2.85238089 11.2606138,1.72147333 14.4980938,2.02230302 Z\" fill=\"#000000\" fill-rule=\"nonzero\" opacity=\"0.3\"><\/path> <\/g> <\/svg>\n<\/div><span class=\"text-heading-default\">331 282 4998<\/span><\/a><\/div><div class=\"pix-feature-list text-18  font-weight-bold     py-2 d-flex align-items-center\" ><a class=\"d-flex align-items-center\" href=\"mailto:jpineda@alleeins.com.mx\" target=\"_blank\"><div class=\"pix-mr-10 text-secondary\" style=\"width:1.5em;min-width:1.5em;height:1.5em;min-width:1.5em;position:relative;line-height:1em;text-align:center;\"><svg width=\"100%\" height=\"100%\" viewbox=\"0 0 24 24\" version=\"1.1\" xmlns=\"http:\/\/www.w3.org\/2000\/svg\" xmlns:xlink=\"http:\/\/www.w3.org\/1999\/xlink\"> <defs><\/defs> <g stroke=\"none\" stroke-width=\"1\" fill=\"none\" fill-rule=\"evenodd\"> <path d=\"M5,6 L19,6 C20.1045695,6 21,6.8954305 21,8 L21,17 C21,18.1045695 20.1045695,19 19,19 L5,19 C3.8954305,19 3,18.1045695 3,17 L3,8 C3,6.8954305 3.8954305,6 5,6 Z M18.1444251,7.83964668 L12,11.1481833 L5.85557487,7.83964668 C5.4908718,7.6432681 5.03602525,7.77972206 4.83964668,8.14442513 C4.6432681,8.5091282 4.77972206,8.96397475 5.14442513,9.16035332 L11.6444251,12.6603533 C11.8664074,12.7798822 12.1335926,12.7798822 12.3555749,12.6603533 L18.8555749,9.16035332 C19.2202779,8.96397475 19.3567319,8.5091282 19.1603533,8.14442513 C18.9639747,7.77972206 18.5091282,7.6432681 18.1444251,7.83964668 Z\" fill=\"#000000\"><\/path> <\/g> <\/svg><\/div><span class=\"text-heading-default\">jpineda@alleeins.com.mx<\/span><\/a><\/div><\/div><\/div><\/div><\/div><\/div><\/div>\n\t<div class=\"wpb_raw_code wpb_content_element wpb_raw_html\" >\n\t\t<div class=\"wpb_wrapper\">\n\t\t\t<iframe src=\"https:\/\/www.google.com\/maps\/embed?pb=!1m18!1m12!1m3!1d14921.075442391111!2d-103.7010640637031!3d20.78040812498323!2m3!1f0!2f0!3f0!3m2!1i1024!2i768!4f13.1!3m3!1m2!1s0x84261a5f26d687d3%3A0xb21a69019d648654!2sC.%20Jos%C3%A9%20Ocampo%2096B%2C%20Nuevo%2C%2045350%20El%20Arenal%2C%20Jal.!5e0!3m2!1ses!2smx!4v1752770766634!5m2!1ses!2smx\" width=\"600\" height=\"350\" style=\"border:0;\" allowfullscreen=\"\" loading=\"lazy\" referrerpolicy=\"no-referrer-when-downgrade\"><\/iframe>\n\t\t<\/div>\n\t<\/div>\n<\/div><\/div><\/div><div class=\"wpb_column vc_column_container vc_col-sm-5 text-left\"><div class=\"vc_column-inner\"><div class=\"wpb_wrapper\"><div class=\"pix-content-box card      vc_custom_1588773345952    rounded-10 shadow-lg animate-in bg- w-100\"  data-anim-type=\"fade-in-up\" data-anim-delay=\"0\"><div class=\"\" style=\"z-index:30;position:relative;\"><div  class=\"pix-heading-el text-center  vc_custom_1752098899432\"><div><div class=\"slide-in-container\"><h2 class=\"text-heading-default font-weight-bold animate-in heading-text el-title_custom_color mb-12\" style=\"\" data-anim-type=\"slide-in-up\" data-anim-delay=\"0\">Cont\u00e1ctanos<\/h2><\/div><\/div><\/div><div class=\"vc_separator wpb_content_element vc_separator_align_center vc_sep_width_50 vc_sep_border_width_5 vc_sep_pos_align_center vc_separator_no_text vc_sep_color_green\" ><span class=\"vc_sep_holder vc_sep_holder_l\"><span class=\"vc_sep_line\"><\/span><\/span><span class=\"vc_sep_holder vc_sep_holder_r\"><span class=\"vc_sep_line\"><\/span><\/span>\n<\/div><div class=\"pix-el-text w-100 text-left  vc_custom_1758125548555\" ><p class=\"text-18  text-body-default text-left\" >\u00bfInteresado en conocer m\u00e1s sobre el mundo del agave tequilero? \u00bfDeseas visitar nuestros campos o establecer una colaboraci\u00f3n?<\/p><\/div>\n<div class=\"wpcf7 no-js\" id=\"wpcf7-f2939-o1\" lang=\"en-US\" dir=\"ltr\" data-wpcf7-id=\"2939\">\n<div class=\"screen-reader-response\"><p role=\"status\" aria-live=\"polite\" aria-atomic=\"true\"><\/p> <ul><\/ul><\/div>\n<form action=\"\/en\/wp-json\/wp\/v2\/pages\/2#wpcf7-f2939-o1\" method=\"post\" class=\"wpcf7-form init\" aria-label=\"Contact form\" novalidate=\"novalidate\" data-status=\"init\" data-trp-original-action=\"\/en\/wp-json\/wp\/v2\/pages\/2#wpcf7-f2939-o1\">\n<fieldset class=\"hidden-fields-container\"><input type=\"hidden\" name=\"_wpcf7\" value=\"2939\" \/><input type=\"hidden\" name=\"_wpcf7_version\" value=\"6.1.4\" \/><input type=\"hidden\" name=\"_wpcf7_locale\" value=\"en_US\" \/><input type=\"hidden\" name=\"_wpcf7_unit_tag\" value=\"wpcf7-f2939-o1\" \/><input type=\"hidden\" name=\"_wpcf7_container_post\" value=\"0\" \/><input type=\"hidden\" name=\"_wpcf7_posted_data_hash\" value=\"\" \/>\n<\/fieldset>\n<div class=\"pix-contact7-form\"><div class=\"juls\">\n\t<div class=\"row\">\n\t\t<div class=\"col-md-12\">\n\t\t\t<p><label class=\"w-100\">Nombre <span class=\"wpcf7-form-control-wrap\" data-name=\"your-name\"><input size=\"40\" maxlength=\"400\" class=\"wpcf7-form-control wpcf7-text wpcf7-validates-as-required pix-my-5 form-control bg-gray-1 shadow-0\" aria-required=\"true\" aria-invalid=\"false\" placeholder=\"Nombre\" value=\"\" type=\"text\" name=\"your-name\" \/><\/span><\/label>\n\t\t\t<\/p>\n\t\t<\/div>\n\t<\/div>\n\t<div class=\"row\">\n\t\t<div class=\"col-md-6\">\n\t\t\t<p><label class=\"w-100\">Correo Electr\u00f3nico <span class=\"wpcf7-form-control-wrap\" data-name=\"your-email\"><input size=\"40\" maxlength=\"400\" class=\"wpcf7-form-control wpcf7-email wpcf7-validates-as-required wpcf7-text wpcf7-validates-as-email pix-my-5 form-control bg-gray-1 shadow-0\" aria-required=\"true\" aria-invalid=\"false\" placeholder=\"email@email.com\" value=\"\" type=\"email\" name=\"your-email\" \/><\/span><\/label>\n\t\t\t<\/p>\n\t\t<\/div>\n\t\t<div class=\"col-md-6\">\n\t\t\t<p><label class=\"w-100\">N\u00famero Telef\u00f3nico <span class=\"wpcf7-form-control-wrap\" data-name=\"tel-996\"><input size=\"40\" maxlength=\"400\" class=\"wpcf7-form-control wpcf7-tel wpcf7-validates-as-required wpcf7-text wpcf7-validates-as-tel pix-mt-5 form-control bg-gray-1 shadow-0\" aria-required=\"true\" aria-invalid=\"false\" placeholder=\"Tel: +06 51 42 44 12\" value=\"\" type=\"tel\" name=\"tel-996\" \/><\/span> <\/label>\n\t\t\t<\/p>\n\t\t<\/div>\n\t<\/div>\n\t<div class=\"row\">\n\t\t<div class=\"col-md-12\">\n\t\t\t<p><label class=\"w-100\">Mensaje <span class=\"wpcf7-form-control-wrap\" data-name=\"your-message\"><textarea cols=\"40\" rows=\"4\" maxlength=\"2000\" class=\"wpcf7-form-control wpcf7-textarea wpcf7-validates-as-required pix-my-5 form-control bg-gray-1 shadow-0\" aria-required=\"true\" aria-invalid=\"false\" placeholder=\"Tu mensaje\" name=\"your-message\"><\/textarea><\/span> <\/label>\n\t\t\t<\/p>\n\t\t<\/div>\n\t<\/div>\n\t<p><input class=\"wpcf7-form-control wpcf7-submit has-spinner btn mb-2 text-white btn-secondary d-inline-block pix-hover-item btn-rounded btn-normal pix-waiting pix-animate animated w-100\" type=\"submit\" value=\"Enviar\" \/>\n\t<\/p>\n<\/div><\/div><div class=\"wpcf7-response-output\" aria-hidden=\"true\"><\/div>\n<input type=\"hidden\" name=\"trp-form-language\" value=\"en\"\/><\/form>\n<\/div>\n<\/div><\/div><\/div><\/div><\/div><\/div><\/section><div class=\"vc_row-full-width vc_clearfix\"><\/div><\/section>","protected":false},"excerpt":{"rendered":"Cultivemos nuevas oportunidadesNuestro equipo est\u00e1 comprometido con brindar atenci\u00f3n personalizada, asesor\u00eda t\u00e9cnica y acompa\u00f1amiento en cada etapa del proceso. Armando Aceves 341 100 9019 aaceves@alleeins.com.mx Jorge Pineda 331 282 4998 jpineda@alleeins.com.mx Cont\u00e1ctanos \u00bfInteresado en conocer m\u00e1s sobre el mundo del...","protected":false},"author":1,"featured_media":0,"parent":0,"menu_order":0,"comment_status":"closed","ping_status":"open","template":"","meta":{"footnotes":""},"class_list":["post-2","page","type-page","status-publish","hentry"],"_links":{"self":[{"href":"https:\/\/maestrosagaveros.com.mx\/en\/wp-json\/wp\/v2\/pages\/2","targetHints":{"allow":["GET"]}}],"collection":[{"href":"https:\/\/maestrosagaveros.com.mx\/en\/wp-json\/wp\/v2\/pages"}],"about":[{"href":"https:\/\/maestrosagaveros.com.mx\/en\/wp-json\/wp\/v2\/types\/page"}],"author":[{"embeddable":true,"href":"https:\/\/maestrosagaveros.com.mx\/en\/wp-json\/wp\/v2\/users\/1"}],"replies":[{"embeddable":true,"href":"https:\/\/maestrosagaveros.com.mx\/en\/wp-json\/wp\/v2\/comments?post=2"}],"version-history":[{"count":30,"href":"https:\/\/maestrosagaveros.com.mx\/en\/wp-json\/wp\/v2\/pages\/2\/revisions"}],"predecessor-version":[{"id":14081,"href":"https:\/\/maestrosagaveros.com.mx\/en\/wp-json\/wp\/v2\/pages\/2\/revisions\/14081"}],"wp:attachment":[{"href":"https:\/\/maestrosagaveros.com.mx\/en\/wp-json\/wp\/v2\/media?parent=2"}],"curies":[{"name":"wp","href":"https:\/\/api.w.org\/{rel}","templated":true}]}}